{"id":1027,"date":"2021-02-08T14:43:39","date_gmt":"2021-02-08T14:43:39","guid":{"rendered":"http:\/\/wp.eaglered.de\/?page_id=1027"},"modified":"2021-07-11T15:57:57","modified_gmt":"2021-07-11T15:57:57","slug":"e-wurf","status":"publish","type":"page","link":"http:\/\/wp.eaglered.de\/?page_id=1027","title":{"rendered":"E-Wurf"},"content":{"rendered":"\n<p><strong>06.07.2021<\/strong> Abschied<\/p>\n\n\n\n<p>\n\nHeute hei\u00dft es Abschied nehmen. Esko geht zu Jessica und hat eine tolle Aufgabe: Er wird zum Assistenzhund durch Regina Hauenstein (<a rel=\"noreferrer noopener\" href=\"https:\/\/comeintomylife.de\/\" target=\"_blank\">ComeintomyLife e.V.<\/a>) ausgebildet.\n\n<\/p>\n\n\n\n<ul class=\"wp-block-gallery columns-3 is-cropped wp-block-gallery-1 is-layout-flex wp-block-gallery-is-layout-flex\"><li class=\"blocks-gallery-item\"><figure><img loading=\"lazy\" decoding=\"async\" width=\"720\" height=\"960\" src=\"http:\/\/wp.eaglered.de\/wp-content\/uploads\/2021\/07\/211380250_3939473346148870_3638779290549292144_n.jpg\" alt=\"\" data-id=\"1162\" data-link=\"http:\/\/wp.eaglered.de\/?attachment_id=1162\" class=\"wp-image-1162\" srcset=\"http:\/\/wp.eaglered.de\/wp-content\/uploads\/2021\/07\/211380250_3939473346148870_3638779290549292144_n.jpg 720w, http:\/\/wp.eaglered.de\/wp-content\/uploads\/2021\/07\/211380250_3939473346148870_3638779290549292144_n-225x300.jpg 225w, http:\/\/wp.eaglered.de\/wp-content\/uploads\/2021\/07\/211380250_3939473346148870_3638779290549292144_n-700x933.jpg 700w, http:\/\/wp.eaglered.de\/wp-content\/uploads\/2021\/07\/211380250_3939473346148870_3638779290549292144_n-332x443.jpg 332w\" sizes=\"auto, (max-width: 720px) 100vw, 720px\" \/><\/figure><\/li><li class=\"blocks-gallery-item\"><figure><img loading=\"lazy\" decoding=\"async\" width=\"720\" height=\"960\" src=\"http:\/\/wp.eaglered.de\/wp-content\/uploads\/2021\/07\/213897953_4739723199389601_3759356586410801134_n.jpg\" alt=\"\" data-id=\"1163\" data-link=\"http:\/\/wp.eaglered.de\/?attachment_id=1163\" class=\"wp-image-1163\" srcset=\"http:\/\/wp.eaglered.de\/wp-content\/uploads\/2021\/07\/213897953_4739723199389601_3759356586410801134_n.jpg 720w, http:\/\/wp.eaglered.de\/wp-content\/uploads\/2021\/07\/213897953_4739723199389601_3759356586410801134_n-225x300.jpg 225w, http:\/\/wp.eaglered.de\/wp-content\/uploads\/2021\/07\/213897953_4739723199389601_3759356586410801134_n-700x933.jpg 700w, http:\/\/wp.eaglered.de\/wp-content\/uploads\/2021\/07\/213897953_4739723199389601_3759356586410801134_n-332x443.jpg 332w\" sizes=\"auto, (max-width: 720px) 100vw, 720px\" \/><\/figure><\/li><li class=\"blocks-gallery-item\"><figure><img loading=\"lazy\" decoding=\"async\" width=\"768\" height=\"1024\" src=\"http:\/\/wp.eaglered.de\/wp-content\/uploads\/2021\/07\/WhatsApp-Image-2021-07-08-at-21.47.43-1-768x1024.jpeg\" alt=\"\" data-id=\"1164\" data-link=\"http:\/\/wp.eaglered.de\/?attachment_id=1164\" class=\"wp-image-1164\" srcset=\"http:\/\/wp.eaglered.de\/wp-content\/uploads\/2021\/07\/WhatsApp-Image-2021-07-08-at-21.47.43-1-768x1024.jpeg 768w, http:\/\/wp.eaglered.de\/wp-content\/uploads\/2021\/07\/WhatsApp-Image-2021-07-08-at-21.47.43-1-225x300.jpeg 225w, http:\/\/wp.eaglered.de\/wp-content\/uploads\/2021\/07\/WhatsApp-Image-2021-07-08-at-21.47.43-1-700x933.jpeg 700w, http:\/\/wp.eaglered.de\/wp-content\/uploads\/2021\/07\/WhatsApp-Image-2021-07-08-at-21.47.43-1-332x443.jpeg 332w, http:\/\/wp.eaglered.de\/wp-content\/uploads\/2021\/07\/WhatsApp-Image-2021-07-08-at-21.47.43-1.jpeg 1200w\" sizes=\"auto, (max-width: 768px) 100vw, 768px\" \/><\/figure><\/li><li class=\"blocks-gallery-item\"><figure><img loading=\"lazy\" decoding=\"async\" width=\"768\" height=\"1024\" src=\"http:\/\/wp.eaglered.de\/wp-content\/uploads\/2021\/07\/WhatsApp-Image-2021-07-08-at-21.47.44-1-1-768x1024.jpeg\" alt=\"\" data-id=\"1165\" data-link=\"http:\/\/wp.eaglered.de\/?attachment_id=1165\" class=\"wp-image-1165\" srcset=\"http:\/\/wp.eaglered.de\/wp-content\/uploads\/2021\/07\/WhatsApp-Image-2021-07-08-at-21.47.44-1-1-768x1024.jpeg 768w, http:\/\/wp.eaglered.de\/wp-content\/uploads\/2021\/07\/WhatsApp-Image-2021-07-08-at-21.47.44-1-1-225x300.jpeg 225w, http:\/\/wp.eaglered.de\/wp-content\/uploads\/2021\/07\/WhatsApp-Image-2021-07-08-at-21.47.44-1-1-700x933.jpeg 700w, http:\/\/wp.eaglered.de\/wp-content\/uploads\/2021\/07\/WhatsApp-Image-2021-07-08-at-21.47.44-1-1-332x443.jpeg 332w, http:\/\/wp.eaglered.de\/wp-content\/uploads\/2021\/07\/WhatsApp-Image-2021-07-08-at-21.47.44-1-1.jpeg 1200w\" sizes=\"auto, (max-width: 768px) 100vw, 768px\" \/><\/figure><\/li><\/ul>\n\n\n\n<p> Easy bereichert mein Rudel &#8211; mein erster Hund aus meiner Zucht! <\/p>\n\n\n\n<ul class=\"wp-block-gallery columns-2 is-cropped wp-block-gallery-2 is-layout-flex wp-block-gallery-is-layout-flex\"><li class=\"blocks-gallery-item\"><figure><img loading=\"lazy\" decoding=\"async\" width=\"1024\" height=\"833\" src=\"http:\/\/wp.eaglered.de\/wp-content\/uploads\/2021\/07\/WhatsApp-Image-2021-07-08-at-21.47.44-1024x833.jpeg\" alt=\"\" data-id=\"1166\" data-link=\"http:\/\/wp.eaglered.de\/?attachment_id=1166\" class=\"wp-image-1166\" srcset=\"http:\/\/wp.eaglered.de\/wp-content\/uploads\/2021\/07\/WhatsApp-Image-2021-07-08-at-21.47.44-1024x833.jpeg 1024w, http:\/\/wp.eaglered.de\/wp-content\/uploads\/2021\/07\/WhatsApp-Image-2021-07-08-at-21.47.44-300x244.jpeg 300w, http:\/\/wp.eaglered.de\/wp-content\/uploads\/2021\/07\/WhatsApp-Image-2021-07-08-at-21.47.44-768x625.jpeg 768w, http:\/\/wp.eaglered.de\/wp-content\/uploads\/2021\/07\/WhatsApp-Image-2021-07-08-at-21.47.44-700x570.jpeg 700w, http:\/\/wp.eaglered.de\/wp-content\/uploads\/2021\/07\/WhatsApp-Image-2021-07-08-at-21.47.44-332x270.jpeg 332w, http:\/\/wp.eaglered.de\/wp-content\/uploads\/2021\/07\/WhatsApp-Image-2021-07-08-at-21.47.44.jpeg 1600w\" sizes=\"auto, (max-width: 1024px) 100vw, 1024px\" \/><\/figure><\/li><li class=\"blocks-gallery-item\"><figure><img loading=\"lazy\" decoding=\"async\" width=\"768\" height=\"1024\" src=\"http:\/\/wp.eaglered.de\/wp-content\/uploads\/2021\/07\/WhatsApp-Image-2021-07-08-at-21.47.45-768x1024.jpeg\" alt=\"\" data-id=\"1167\" data-link=\"http:\/\/wp.eaglered.de\/?attachment_id=1167\" class=\"wp-image-1167\" srcset=\"http:\/\/wp.eaglered.de\/wp-content\/uploads\/2021\/07\/WhatsApp-Image-2021-07-08-at-21.47.45-768x1024.jpeg 768w, http:\/\/wp.eaglered.de\/wp-content\/uploads\/2021\/07\/WhatsApp-Image-2021-07-08-at-21.47.45-225x300.jpeg 225w, http:\/\/wp.eaglered.de\/wp-content\/uploads\/2021\/07\/WhatsApp-Image-2021-07-08-at-21.47.45-700x933.jpeg 700w, http:\/\/wp.eaglered.de\/wp-content\/uploads\/2021\/07\/WhatsApp-Image-2021-07-08-at-21.47.45-332x443.jpeg 332w, http:\/\/wp.eaglered.de\/wp-content\/uploads\/2021\/07\/WhatsApp-Image-2021-07-08-at-21.47.45.jpeg 1200w\" sizes=\"auto, (max-width: 768px) 100vw, 768px\" \/><\/figure><\/li><\/ul>\n\n\n\n<p><strong>25.06.2021<\/strong> Die Super Mama<\/p>\n\n\n\n<figure class=\"wp-block-video\"><video controls src=\"http:\/\/wp.eaglered.de\/wp-content\/uploads\/2021\/07\/WhatsApp-Video-2021-07-08-at-21.42.52-1.mp4\"><\/video><\/figure>\n\n\n\n<p><strong>15.06.2021<\/strong> Die Badesaison ist er\u00f6ffnet<\/p>\n\n\n\n<figure class=\"wp-block-video\"><video controls src=\"http:\/\/wp.eaglered.de\/wp-content\/uploads\/2021\/07\/WhatsApp-Video-2021-07-08-at-21.35.34-1.mp4\"><\/video><\/figure>\n\n\n\n<p><strong>10.06.2021<\/strong> Esko wird Assistenzhund<\/p>\n\n\n\n<p>Wir haben Besuch! Jessica wird Esko als Assistenzhund bei Regina Hauenstein (<a rel=\"noreferrer noopener\" href=\"https:\/\/comeintomylife.de\/\" target=\"_blank\">ComeintromyLife e.V.<\/a>) ausbilden lassen. <\/p>\n\n\n\n<figure class=\"wp-block-video\"><video controls src=\"http:\/\/wp.eaglered.de\/wp-content\/uploads\/2021\/07\/WhatsApp-Video-2021-07-08-at-21.33.16-1.mp4\"><\/video><\/figure>\n\n\n\n<p><strong>02.06.2021<\/strong> Das erste mal im Garten<\/p>\n\n\n\n<figure class=\"wp-block-video\"><video controls src=\"http:\/\/wp.eaglered.de\/wp-content\/uploads\/2021\/07\/WhatsApp-Video-2021-07-08-at-21.29.29.mp4\"><\/video><\/figure>\n\n\n\n<p><strong>29.05.2021<\/strong> Die Zwerge werden aktiv<\/p>\n\n\n\n<figure class=\"wp-block-video\"><video controls src=\"http:\/\/wp.eaglered.de\/wp-content\/uploads\/2021\/07\/WhatsApp-Video-2021-07-08-at-21.27.30.mp4\"><\/video><\/figure>\n\n\n\n<p><strong>26.05.2021<\/strong> Ein Blick in die Wurfkiste!<\/p>\n\n\n\n<figure class=\"wp-block-image is-resized\"><img loading=\"lazy\" decoding=\"async\" src=\"http:\/\/wp.eaglered.de\/wp-content\/uploads\/2021\/05\/0965d69f-8046-49d6-a310-19c76b96e11f-24889-00000fdd360ddd97_file-768x1024.jpg\" alt=\"\" class=\"wp-image-1125\" width=\"384\" height=\"512\" srcset=\"http:\/\/wp.eaglered.de\/wp-content\/uploads\/2021\/05\/0965d69f-8046-49d6-a310-19c76b96e11f-24889-00000fdd360ddd97_file-768x1024.jpg 768w, http:\/\/wp.eaglered.de\/wp-content\/uploads\/2021\/05\/0965d69f-8046-49d6-a310-19c76b96e11f-24889-00000fdd360ddd97_file-225x300.jpg 225w, http:\/\/wp.eaglered.de\/wp-content\/uploads\/2021\/05\/0965d69f-8046-49d6-a310-19c76b96e11f-24889-00000fdd360ddd97_file-700x933.jpg 700w, http:\/\/wp.eaglered.de\/wp-content\/uploads\/2021\/05\/0965d69f-8046-49d6-a310-19c76b96e11f-24889-00000fdd360ddd97_file-332x443.jpg 332w\" sizes=\"auto, (max-width: 384px) 100vw, 384px\" \/><\/figure>\n\n\n\n<p><strong>26.05.2021<\/strong> Der E-Wurf entwickelt sich.  Eagle Red Alive Easy und Eagle Red Alive Esko sind mittlerweile 15 Tage alt. <\/p>\n\n\n\n<p><strong>31.03.2021<\/strong> Bekkie ist tr\u00e4chtig, alle Welpen sind vergeben ! <\/p>\n\n\n\n<p><strong>06.\/07.03.2021<\/strong> Bekkie und Colin waren sich einig !!!<\/p>\n\n\n\n<p><strong>22.02.2021<\/strong> es wird spannend, Bekkie ist l\u00e4ufig !<\/p>\n\n\n\n<p>F\u00fcr 2021 plane ich den E-Wurf mit meiner Bekkie (Pepsanner Hirola). Ich erwarte die n\u00e4chste L\u00e4ufigkeit im Februar und habe als Deckr\u00fcden <a href=\"https:\/\/drc.de\/adr\/listen\/show_druede.php?what=Hunde&amp;rvid=80074&amp;race=Golden Retriever\">Golden Worker Discovery Colin<\/a> ausgew\u00e4hlt.<\/p>\n\n\n\n<ul class=\"wp-block-gallery columns-2 is-cropped wp-block-gallery-3 is-layout-flex wp-block-gallery-is-layout-flex\"><li class=\"blocks-gallery-item\"><figure><img loading=\"lazy\" decoding=\"async\" width=\"150\" height=\"150\" src=\"http:\/\/wp.eaglered.de\/wp-content\/uploads\/2021\/02\/Colin.jpg\" alt=\"\" data-id=\"1057\" data-link=\"http:\/\/wp.eaglered.de\/?attachment_id=1057\" class=\"wp-image-1057\"\/><\/figure><\/li><li class=\"blocks-gallery-item\"><figure><img loading=\"lazy\" decoding=\"async\" width=\"150\" height=\"150\" src=\"http:\/\/wp.eaglered.de\/wp-content\/uploads\/2021\/02\/image.jpg\" alt=\"\" data-id=\"1058\" data-link=\"http:\/\/wp.eaglered.de\/?attachment_id=1058\" class=\"wp-image-1058\"\/><\/figure><\/li><\/ul>\n\n\n\n<p>Aus der Verpaarung erwarte ich wesensfeste und arbeitsfreudige Welpen mit viel will to please. <\/p>\n\n\n\n<p>Mehr \u00fcber Collin erfahrt ihr auf seiner Homepage <a rel=\"noreferrer noopener\" href=\"http:\/\/www.golden-worker-discovery-colin.de\/index.php\/hunde\/colin\" target=\"_blank\">hier.<\/a> <\/p>\n\n\n\n<ul class=\"wp-block-gallery columns-2 is-cropped wp-block-gallery-4 is-layout-flex wp-block-gallery-is-layout-flex\"><li class=\"blocks-gallery-item\"><figure><img loading=\"lazy\" decoding=\"async\" width=\"1024\" height=\"683\" src=\"http:\/\/wp.eaglered.de\/wp-content\/uploads\/2020\/03\/20200307-D67A7505-1024x683.jpg\" alt=\"\" data-id=\"879\" data-link=\"http:\/\/wp.eaglered.de\/?attachment_id=879\" class=\"wp-image-879\" srcset=\"http:\/\/wp.eaglered.de\/wp-content\/uploads\/2020\/03\/20200307-D67A7505-1024x683.jpg 1024w, http:\/\/wp.eaglered.de\/wp-content\/uploads\/2020\/03\/20200307-D67A7505-300x200.jpg 300w, http:\/\/wp.eaglered.de\/wp-content\/uploads\/2020\/03\/20200307-D67A7505-768x512.jpg 768w, http:\/\/wp.eaglered.de\/wp-content\/uploads\/2020\/03\/20200307-D67A7505-700x467.jpg 700w, http:\/\/wp.eaglered.de\/wp-content\/uploads\/2020\/03\/20200307-D67A7505-332x221.jpg 332w\" sizes=\"auto, (max-width: 1024px) 100vw, 1024px\" \/><\/figure><\/li><li class=\"blocks-gallery-item\"><figure><img loading=\"lazy\" decoding=\"async\" width=\"1024\" height=\"683\" src=\"http:\/\/wp.eaglered.de\/wp-content\/uploads\/2020\/03\/20200307-D67A7519-Bearbeitet-1024x683.jpg\" alt=\"\" data-id=\"893\" data-link=\"http:\/\/wp.eaglered.de\/?attachment_id=893\" class=\"wp-image-893\" srcset=\"http:\/\/wp.eaglered.de\/wp-content\/uploads\/2020\/03\/20200307-D67A7519-Bearbeitet-1024x683.jpg 1024w, http:\/\/wp.eaglered.de\/wp-content\/uploads\/2020\/03\/20200307-D67A7519-Bearbeitet-300x200.jpg 300w, http:\/\/wp.eaglered.de\/wp-content\/uploads\/2020\/03\/20200307-D67A7519-Bearbeitet-768x512.jpg 768w, http:\/\/wp.eaglered.de\/wp-content\/uploads\/2020\/03\/20200307-D67A7519-Bearbeitet-700x467.jpg 700w, http:\/\/wp.eaglered.de\/wp-content\/uploads\/2020\/03\/20200307-D67A7519-Bearbeitet-332x221.jpg 332w\" sizes=\"auto, (max-width: 1024px) 100vw, 1024px\" \/><\/figure><\/li><li class=\"blocks-gallery-item\"><figure><img loading=\"lazy\" decoding=\"async\" width=\"1024\" height=\"683\" src=\"http:\/\/wp.eaglered.de\/wp-content\/uploads\/2020\/03\/20200307-D67A7497-Bearbeitet-1024x683.jpg\" alt=\"\" data-id=\"877\" data-link=\"http:\/\/wp.eaglered.de\/?attachment_id=877\" class=\"wp-image-877\" srcset=\"http:\/\/wp.eaglered.de\/wp-content\/uploads\/2020\/03\/20200307-D67A7497-Bearbeitet-1024x683.jpg 1024w, http:\/\/wp.eaglered.de\/wp-content\/uploads\/2020\/03\/20200307-D67A7497-Bearbeitet-300x200.jpg 300w, http:\/\/wp.eaglered.de\/wp-content\/uploads\/2020\/03\/20200307-D67A7497-Bearbeitet-768x512.jpg 768w, http:\/\/wp.eaglered.de\/wp-content\/uploads\/2020\/03\/20200307-D67A7497-Bearbeitet-700x467.jpg 700w, http:\/\/wp.eaglered.de\/wp-content\/uploads\/2020\/03\/20200307-D67A7497-Bearbeitet-332x221.jpg 332w\" sizes=\"auto, (max-width: 1024px) 100vw, 1024px\" \/><\/figure><\/li><\/ul>\n\n\n\n<ul class=\"wp-block-gallery columns-2 is-cropped wp-block-gallery-5 is-layout-flex wp-block-gallery-is-layout-flex\"><li class=\"blocks-gallery-item\"><figure><img loading=\"lazy\" decoding=\"async\" width=\"768\" height=\"1024\" src=\"http:\/\/wp.eaglered.de\/wp-content\/uploads\/2021\/01\/WhatsApp-Image-2021-01-09-at-16.01.21-1-768x1024.jpeg\" alt=\"\" data-id=\"1013\" data-link=\"http:\/\/wp.eaglered.de\/?attachment_id=1013\" class=\"wp-image-1013\" srcset=\"http:\/\/wp.eaglered.de\/wp-content\/uploads\/2021\/01\/WhatsApp-Image-2021-01-09-at-16.01.21-1-768x1024.jpeg 768w, http:\/\/wp.eaglered.de\/wp-content\/uploads\/2021\/01\/WhatsApp-Image-2021-01-09-at-16.01.21-1-225x300.jpeg 225w, http:\/\/wp.eaglered.de\/wp-content\/uploads\/2021\/01\/WhatsApp-Image-2021-01-09-at-16.01.21-1-700x933.jpeg 700w, http:\/\/wp.eaglered.de\/wp-content\/uploads\/2021\/01\/WhatsApp-Image-2021-01-09-at-16.01.21-1-332x443.jpeg 332w, http:\/\/wp.eaglered.de\/wp-content\/uploads\/2021\/01\/WhatsApp-Image-2021-01-09-at-16.01.21-1.jpeg 1200w\" sizes=\"auto, (max-width: 768px) 100vw, 768px\" \/><\/figure><\/li><li class=\"blocks-gallery-item\"><figure><img loading=\"lazy\" decoding=\"async\" width=\"768\" height=\"1024\" src=\"http:\/\/wp.eaglered.de\/wp-content\/uploads\/2021\/01\/WhatsApp-Image-2021-01-09-at-16.01.20-768x1024.jpeg\" alt=\"\" data-id=\"1014\" data-link=\"http:\/\/wp.eaglered.de\/?attachment_id=1014\" class=\"wp-image-1014\" srcset=\"http:\/\/wp.eaglered.de\/wp-content\/uploads\/2021\/01\/WhatsApp-Image-2021-01-09-at-16.01.20-768x1024.jpeg 768w, http:\/\/wp.eaglered.de\/wp-content\/uploads\/2021\/01\/WhatsApp-Image-2021-01-09-at-16.01.20-225x300.jpeg 225w, http:\/\/wp.eaglered.de\/wp-content\/uploads\/2021\/01\/WhatsApp-Image-2021-01-09-at-16.01.20-700x933.jpeg 700w, http:\/\/wp.eaglered.de\/wp-content\/uploads\/2021\/01\/WhatsApp-Image-2021-01-09-at-16.01.20-332x443.jpeg 332w, http:\/\/wp.eaglered.de\/wp-content\/uploads\/2021\/01\/WhatsApp-Image-2021-01-09-at-16.01.20.jpeg 1200w\" sizes=\"auto, (max-width: 768px) 100vw, 768px\" \/><\/figure><\/li><\/ul>\n\n\n\n<p><strong>Pepsanner Hirola \u201eBekkie\u201c<br><\/strong><br><\/p>\n","protected":false},"excerpt":{"rendered":"<p>06.07.2021 Abschied Heute hei\u00dft es Abschied nehmen. Esko geht zu Jessica und hat eine tolle Aufgabe: Er wird zum Assistenzhund durch Regina Hauenstein (ComeintomyLife e.V.) ausgebildet. Easy bereichert mein Rudel &#8211; mein erster Hund aus meiner Zucht! 25.06.2021 Die Super Mama 15.06.2021 Die Badesaison ist er\u00f6ffnet 10.06.2021 Esko wird Assistenzhund &#8230;<\/p>\n","protected":false},"author":1,"featured_media":0,"parent":9,"menu_order":0,"comment_status":"closed","ping_status":"closed","template":"","meta":{"footnotes":""},"class_list":["post-1027","page","type-page","status-publish","hentry","column","twocol"],"_links":{"self":[{"href":"http:\/\/wp.eaglered.de\/index.php?rest_route=\/wp\/v2\/pages\/1027","targetHints":{"allow":["GET"]}}],"collection":[{"href":"http:\/\/wp.eaglered.de\/index.php?rest_route=\/wp\/v2\/pages"}],"about":[{"href":"http:\/\/wp.eaglered.de\/index.php?rest_route=\/wp\/v2\/types\/page"}],"author":[{"embeddable":true,"href":"http:\/\/wp.eaglered.de\/index.php?rest_route=\/wp\/v2\/users\/1"}],"replies":[{"embeddable":true,"href":"http:\/\/wp.eaglered.de\/index.php?rest_route=%2Fwp%2Fv2%2Fcomments&post=1027"}],"version-history":[{"count":10,"href":"http:\/\/wp.eaglered.de\/index.php?rest_route=\/wp\/v2\/pages\/1027\/revisions"}],"predecessor-version":[{"id":1174,"href":"http:\/\/wp.eaglered.de\/index.php?rest_route=\/wp\/v2\/pages\/1027\/revisions\/1174"}],"up":[{"embeddable":true,"href":"http:\/\/wp.eaglered.de\/index.php?rest_route=\/wp\/v2\/pages\/9"}],"wp:attachment":[{"href":"http:\/\/wp.eaglered.de\/index.php?rest_route=%2Fwp%2Fv2%2Fmedia&parent=1027"}],"curies":[{"name":"wp","href":"https:\/\/api.w.org\/{rel}","templated":true}]}}