{"id":11,"date":"2016-10-04T14:31:39","date_gmt":"2016-10-04T14:31:39","guid":{"rendered":"http:\/\/wp.eaglered.de\/?page_id=11"},"modified":"2023-10-29T13:00:56","modified_gmt":"2023-10-29T13:00:56","slug":"links","status":"publish","type":"page","link":"http:\/\/wp.eaglered.de\/?page_id=11","title":{"rendered":"Links"},"content":{"rendered":"\n<p><strong>Vereine und\nVerb\u00e4nde<\/strong><\/p>\n\n\n\n<figure class=\"wp-block-table\"><table><tbody><tr><td>\n  <a href=\"http:\/\/www.fci.be\/\" target=\"_blank\" rel=\"noreferrer noopener\">FCI<\/a>\n  <\/td><td>\n  F\u00e9d\u00e9ration Cynologique\n  Internationale\n  <\/td><\/tr><tr><td>\n  <a href=\"http:\/\/www.vdh.de\/\" target=\"_blank\" rel=\"noreferrer noopener\">VDH<\/a>\n  <\/td><td>\n  Verband f\u00fcr das Deutsche\n  Hundewesen e.V.\n  <\/td><\/tr><tr><td>\n  <a href=\"http:\/\/www.drc.de\/\" target=\"_blank\" rel=\"noreferrer noopener\">DRC<\/a>\n  <\/td><td>\n  Deutscher Retriever Club e.V.\n  <\/td><\/tr><tr><td>\n  <a href=\"http:\/\/www.jghv.de\/\" target=\"_blank\" rel=\"noreferrer noopener\">JGHV<\/a>\n  <\/td><td>\n  Jagdhundeverband e.V.\n  <\/td><\/tr><tr><td>\n  <a href=\"http:\/\/www.labrador.de\/\" target=\"_blank\" rel=\"noreferrer noopener\">LCD e.V.<\/a>\n  <\/td><td>\n  Labrador Club Deutschland e.V.\n  <\/td><\/tr><tr><td>\n  <a href=\"http:\/\/www.retrieverclub.at\/cms\/\" target=\"_blank\" rel=\"noreferrer noopener\">\u00d6RC<\/a>\n  <\/td><td>\n  \u00d6sterreichischer Retriever Club\n  <\/td><\/tr><tr><td>\n  <a href=\"http:\/\/drc-lg-west.de\/\" target=\"_blank\" rel=\"noreferrer noopener\">DRC LG West<\/a>\n  <\/td><td>\n  DRC e.V. \u2013 Landesgruppe West\n  <\/td><\/tr><tr><td>\n  <a href=\"http:\/\/www.drc-koeln-bonn.de\/\" target=\"_blank\" rel=\"noreferrer noopener\">DRC BZG K\u00f6ln\/Bonn<\/a>\n  <\/td><td>\n  DRC e.V. \u2013 Bezirksgruppe K\u00f6ln\/Bonn\n  <\/td><\/tr><tr><td>\n  <a href=\"http:\/\/www.jgv-euskirchen-bonn.de\/\" target=\"_blank\" rel=\"noreferrer noopener\">JGV Euskirchen-Bonn<\/a>\n  <\/td><td>\n  Jagdgebrauchshundverein\n  Euskirchen-Bonn e. V.\n  <\/td><\/tr><\/tbody><\/table><\/figure>\n\n\n\n<p class=\"has-text-align-center\">***<\/p>\n\n\n\n<p><strong>Infos<\/strong><\/p>\n\n\n\n<figure class=\"wp-block-table\"><table><tbody><tr><td>\n  <a href=\"http:\/\/www.retriever.biz\/\" target=\"_blank\" rel=\"noreferrer noopener\">Working Retriever<\/a>\n  <\/td><td>\n  Info\u2019s \u00fcber Retriever &#8211; Zucht,\n  Gesundheit, Termine\n  <\/td><\/tr><tr><td>\n  <a href=\"https:\/\/retriever.pedigreedatabaseonline.com\/en\/\">RetrieverDataOnline<\/a>\n  <\/td><td>\n  RetrieverData.online &#8211; Golden\n  retriever database\n  <\/td><\/tr><\/tbody><\/table><\/figure>\n\n\n\n<p class=\"has-text-align-center\">***<\/p>\n\n\n\n<p><strong>Z\u00fcchter &amp; Freunde<\/strong><\/p>\n\n\n\n<figure class=\"wp-block-table\"><table><tbody><tr><td>\n  <a href=\"http:\/\/www.stonehunter.de\/\" target=\"_blank\" rel=\"noreferrer noopener\">Stonehunter<\/a>\n  <\/td><td>\n  Golden Retriever Zucht (D)\n  <\/td><\/tr><tr><td>\n  <a href=\"http:\/\/koti.mbnet.fi\/~omskakas\/index.htm\" target=\"_blank\" rel=\"noreferrer noopener\">Omskakas<\/a>\n  <\/td><td>\n  Golden und Flatcoated Retriever\n  Zucht (FIN)\n  <\/td><\/tr><tr><td>\n  <a href=\"http:\/\/www.of-mountain-forest-glade.de\/\" target=\"_blank\" rel=\"noreferrer noopener\">&#8230; of\n  Mountain Forest Glade<\/a>\n  <\/td><td>\n  Golden und Labrador Retriever\n  Zucht (D)\n  <\/td><\/tr><tr><td>\n  <a href=\"https:\/\/www.golden-worker.de\/\" target=\"_blank\" rel=\"noreferrer noopener\">Golden Worker<\/a>\n  <\/td><td>\n  Golden Retriever Zucht von Angela\n  Theuerkauf (D)\n  <\/td><\/tr><tr><td>\n  <a href=\"http:\/\/www.my-magic-golden-fellow.de\/\" target=\"_blank\" rel=\"noreferrer noopener\">My Magic Golden\n  Fellow<\/a>\n  <\/td><td>\n  Golden Retriever Zucht (D)\n  <\/td><\/tr><tr><td>\n  <a href=\"http:\/\/www.flatgold.de\/\" target=\"_blank\" rel=\"noreferrer noopener\">Inka Heller-Schedel<\/a>\n  <\/td><td>\n  Kennel Flatgold&#8217;s\n  <\/td><\/tr><tr><td>\n  <a href=\"http:\/\/www.retrieverarbeit.info\/\">K\u00fchlem Gaby <\/a>\n  <\/td><td>\n  Retrieverarbeit.info\n  <\/td><\/tr><tr><td>\n  <a href=\"http:\/\/www.goldenpower.de\/\" target=\"_blank\" rel=\"noreferrer noopener\">Brunner Heike<\/a>\n  <\/td><td>\n  Goldenpower\n  <\/td><\/tr><tr><td>\n  <a href=\"http:\/\/www.golden-worker-discovery-colin.de\/\" target=\"_blank\" rel=\"noreferrer noopener\">Wellmann\n  Heike<\/a>\n  <\/td><td>\n  Golden Worker Discovery Colin\n  <\/td><\/tr><tr><td>\n  <a href=\"http:\/\/stonehunter-alpina.npage.de\/\" target=\"_blank\" rel=\"noreferrer noopener\">Grisse Ingrid<\/a>\n  <\/td><td>\n  Rushhunter\u2019s\n  <\/td><\/tr><tr><td>\n  <a href=\"http:\/\/www.enchanted-garden.de\/\" target=\"_blank\" rel=\"noreferrer noopener\">Sandra Ziegler<\/a>\n  <\/td><td>\n  of Enchanted Garden\n  <\/td><\/tr><tr><td>\n  <a href=\"http:\/\/www.stonehunter.de\/\" target=\"_blank\" rel=\"noreferrer noopener\">Kniel Moni und Rudi<\/a>\n  <\/td><td>\n  Stonehunter\n  <\/td><\/tr><tr><td>\n  <a href=\"http:\/\/www.golden-fast-and-slowly.de\/\" target=\"_blank\" rel=\"noreferrer noopener\">K\u00f6hler Marion\n  und Wolfgang<\/a>\n  <\/td><td>\n  Golden fast and slowly\n  <\/td><\/tr><tr><td>\n  <a href=\"http:\/\/www.flatgold.de\/\" target=\"_blank\" rel=\"noreferrer noopener\">Inka Heller-Schedel<\/a>\n  <\/td><td>\n  Kennel Flatgold&#8217;s\n  <\/td><\/tr><tr><td>      <\/td><td>      <\/td><\/tr><\/tbody><\/table><\/figure>\n","protected":false},"excerpt":{"rendered":"<p>Vereine und Verb\u00e4nde FCI F\u00e9d\u00e9ration Cynologique Internationale VDH Verband f\u00fcr das Deutsche Hundewesen e.V. DRC Deutscher Retriever Club e.V. JGHV Jagdhundeverband e.V. LCD e.V. Labrador Club Deutschland e.V. \u00d6RC \u00d6sterreichischer Retriever Club DRC LG West DRC e.V. \u2013 Landesgruppe West DRC BZG K\u00f6ln\/Bonn DRC e.V. \u2013 Bezirksgruppe K\u00f6ln\/Bonn JGV Euskirchen-Bonn &#8230;<\/p>\n","protected":false},"author":1,"featured_media":0,"parent":0,"menu_order":10,"comment_status":"closed","ping_status":"closed","template":"","meta":{"footnotes":""},"class_list":["post-11","page","type-page","status-publish","hentry","column","twocol"],"_links":{"self":[{"href":"http:\/\/wp.eaglered.de\/index.php?rest_route=\/wp\/v2\/pages\/11","targetHints":{"allow":["GET"]}}],"collection":[{"href":"http:\/\/wp.eaglered.de\/index.php?rest_route=\/wp\/v2\/pages"}],"about":[{"href":"http:\/\/wp.eaglered.de\/index.php?rest_route=\/wp\/v2\/types\/page"}],"author":[{"embeddable":true,"href":"http:\/\/wp.eaglered.de\/index.php?rest_route=\/wp\/v2\/users\/1"}],"replies":[{"embeddable":true,"href":"http:\/\/wp.eaglered.de\/index.php?rest_route=%2Fwp%2Fv2%2Fcomments&post=11"}],"version-history":[{"count":14,"href":"http:\/\/wp.eaglered.de\/index.php?rest_route=\/wp\/v2\/pages\/11\/revisions"}],"predecessor-version":[{"id":1349,"href":"http:\/\/wp.eaglered.de\/index.php?rest_route=\/wp\/v2\/pages\/11\/revisions\/1349"}],"wp:attachment":[{"href":"http:\/\/wp.eaglered.de\/index.php?rest_route=%2Fwp%2Fv2%2Fmedia&parent=11"}],"curies":[{"name":"wp","href":"https:\/\/api.w.org\/{rel}","templated":true}]}}