{"id":19,"date":"2016-10-04T14:33:10","date_gmt":"2016-10-04T14:33:10","guid":{"rendered":"http:\/\/wp.eaglered.de\/?page_id=19"},"modified":"2016-10-17T18:53:40","modified_gmt":"2016-10-17T18:53:40","slug":"c-wurf","status":"publish","type":"page","link":"http:\/\/wp.eaglered.de\/?page_id=19","title":{"rendered":"C-Wurf"},"content":{"rendered":"<p><img loading=\"lazy\" decoding=\"async\" class=\"alignnone size-full wp-image-213\" src=\"http:\/\/wp.eaglered.de\/wp-content\/uploads\/2016\/10\/bild-wurfplanung.jpg\" alt=\"bild-wurfplanung\" width=\"717\" height=\"390\" srcset=\"http:\/\/wp.eaglered.de\/wp-content\/uploads\/2016\/10\/bild-wurfplanung.jpg 717w, http:\/\/wp.eaglered.de\/wp-content\/uploads\/2016\/10\/bild-wurfplanung-300x163.jpg 300w\" sizes=\"auto, (max-width: 717px) 100vw, 717px\" \/><\/p>\n<p><b>Fanta hat am 07.05.15\u00a0 6 R\u00fcden und 5 H\u00fcndinnen zur Welt gebracht!<br \/>\n<\/b>Leider ist eine H\u00fcndin nach 3 Tagen gestorben.<\/p>\n<p>05. &#8211; 08. Woche<\/p>\n<table>\n<tbody>\n<tr>\n<td width=\"307\"><img loading=\"lazy\" decoding=\"async\" class=\"alignnone size-full wp-image-251\" src=\"http:\/\/wp.eaglered.de\/wp-content\/uploads\/2016\/10\/C-Wurf-Woche-5-8-245.jpg\" alt=\"c-wurf-woche-5-8-245\" width=\"501\" height=\"332\" srcset=\"http:\/\/wp.eaglered.de\/wp-content\/uploads\/2016\/10\/C-Wurf-Woche-5-8-245.jpg 501w, http:\/\/wp.eaglered.de\/wp-content\/uploads\/2016\/10\/C-Wurf-Woche-5-8-245-300x199.jpg 300w\" sizes=\"auto, (max-width: 501px) 100vw, 501px\" \/><\/td>\n<td width=\"307\"><img loading=\"lazy\" decoding=\"async\" class=\"alignnone size-full wp-image-248\" src=\"http:\/\/wp.eaglered.de\/wp-content\/uploads\/2016\/10\/C-Wurf-Woche-5-8-187.jpg\" alt=\"c-wurf-woche-5-8-187\" width=\"501\" height=\"332\" srcset=\"http:\/\/wp.eaglered.de\/wp-content\/uploads\/2016\/10\/C-Wurf-Woche-5-8-187.jpg 501w, http:\/\/wp.eaglered.de\/wp-content\/uploads\/2016\/10\/C-Wurf-Woche-5-8-187-300x199.jpg 300w\" sizes=\"auto, (max-width: 501px) 100vw, 501px\" \/><\/td>\n<\/tr>\n<tr>\n<td width=\"307\"><img loading=\"lazy\" decoding=\"async\" class=\"alignnone size-full wp-image-249\" src=\"http:\/\/wp.eaglered.de\/wp-content\/uploads\/2016\/10\/C-Wurf-Woche-5-8-232.jpg\" alt=\"c-wurf-woche-5-8-232\" width=\"501\" height=\"334\" srcset=\"http:\/\/wp.eaglered.de\/wp-content\/uploads\/2016\/10\/C-Wurf-Woche-5-8-232.jpg 501w, http:\/\/wp.eaglered.de\/wp-content\/uploads\/2016\/10\/C-Wurf-Woche-5-8-232-300x200.jpg 300w\" sizes=\"auto, (max-width: 501px) 100vw, 501px\" \/><\/td>\n<td width=\"307\"><img loading=\"lazy\" decoding=\"async\" class=\"alignnone size-full wp-image-139\" src=\"http:\/\/wp.eaglered.de\/wp-content\/uploads\/2016\/10\/5-8-woche.jpg\" alt=\"5-8-woche\" width=\"498\" height=\"332\" srcset=\"http:\/\/wp.eaglered.de\/wp-content\/uploads\/2016\/10\/5-8-woche.jpg 498w, http:\/\/wp.eaglered.de\/wp-content\/uploads\/2016\/10\/5-8-woche-300x200.jpg 300w\" sizes=\"auto, (max-width: 498px) 100vw, 498px\" \/><\/td>\n<\/tr>\n<tr>\n<td width=\"307\"><img loading=\"lazy\" decoding=\"async\" class=\"alignnone size-full wp-image-254\" src=\"http:\/\/wp.eaglered.de\/wp-content\/uploads\/2016\/10\/C-Wurf-Woche-5-8-1.jpg\" alt=\"c-wurf-woche-5-8-1\" width=\"500\" height=\"332\" srcset=\"http:\/\/wp.eaglered.de\/wp-content\/uploads\/2016\/10\/C-Wurf-Woche-5-8-1.jpg 500w, http:\/\/wp.eaglered.de\/wp-content\/uploads\/2016\/10\/C-Wurf-Woche-5-8-1-300x199.jpg 300w\" sizes=\"auto, (max-width: 500px) 100vw, 500px\" \/><\/td>\n<td width=\"307\"><img loading=\"lazy\" decoding=\"async\" class=\"alignnone size-full wp-image-233\" src=\"http:\/\/wp.eaglered.de\/wp-content\/uploads\/2016\/10\/C-Wurf-5.-8.-Woche-005.jpg\" alt=\"c-wurf-5-8-woche-005\" width=\"501\" height=\"332\" srcset=\"http:\/\/wp.eaglered.de\/wp-content\/uploads\/2016\/10\/C-Wurf-5.-8.-Woche-005.jpg 501w, http:\/\/wp.eaglered.de\/wp-content\/uploads\/2016\/10\/C-Wurf-5.-8.-Woche-005-300x199.jpg 300w\" sizes=\"auto, (max-width: 501px) 100vw, 501px\" \/><\/td>\n<\/tr>\n<tr>\n<td width=\"307\"><img loading=\"lazy\" decoding=\"async\" class=\"alignnone size-full wp-image-234\" src=\"http:\/\/wp.eaglered.de\/wp-content\/uploads\/2016\/10\/C-Wurf-5.-8.-Woche-009.jpg\" alt=\"c-wurf-5-8-woche-009\" width=\"502\" height=\"331\" srcset=\"http:\/\/wp.eaglered.de\/wp-content\/uploads\/2016\/10\/C-Wurf-5.-8.-Woche-009.jpg 502w, http:\/\/wp.eaglered.de\/wp-content\/uploads\/2016\/10\/C-Wurf-5.-8.-Woche-009-300x198.jpg 300w\" sizes=\"auto, (max-width: 502px) 100vw, 502px\" \/><\/td>\n<td width=\"307\"><img loading=\"lazy\" decoding=\"async\" class=\"alignnone size-full wp-image-253\" src=\"http:\/\/wp.eaglered.de\/wp-content\/uploads\/2016\/10\/C-Wurf-Woche-5-8-252.jpg\" alt=\"c-wurf-woche-5-8-252\" width=\"499\" height=\"332\" srcset=\"http:\/\/wp.eaglered.de\/wp-content\/uploads\/2016\/10\/C-Wurf-Woche-5-8-252.jpg 499w, http:\/\/wp.eaglered.de\/wp-content\/uploads\/2016\/10\/C-Wurf-Woche-5-8-252-300x200.jpg 300w\" sizes=\"auto, (max-width: 499px) 100vw, 499px\" \/><\/td>\n<\/tr>\n<tr>\n<td width=\"307\"><img loading=\"lazy\" decoding=\"async\" class=\"alignnone size-full wp-image-252\" src=\"http:\/\/wp.eaglered.de\/wp-content\/uploads\/2016\/10\/C-Wurf-Woche-5-8-250.jpg\" alt=\"c-wurf-woche-5-8-250\" width=\"501\" height=\"332\" srcset=\"http:\/\/wp.eaglered.de\/wp-content\/uploads\/2016\/10\/C-Wurf-Woche-5-8-250.jpg 501w, http:\/\/wp.eaglered.de\/wp-content\/uploads\/2016\/10\/C-Wurf-Woche-5-8-250-300x199.jpg 300w\" sizes=\"auto, (max-width: 501px) 100vw, 501px\" \/><\/td>\n<td width=\"307\"><img loading=\"lazy\" decoding=\"async\" class=\"alignnone size-full wp-image-250\" src=\"http:\/\/wp.eaglered.de\/wp-content\/uploads\/2016\/10\/C-Wurf-Woche-5-8-242.jpg\" alt=\"c-wurf-woche-5-8-242\" width=\"499\" height=\"332\" srcset=\"http:\/\/wp.eaglered.de\/wp-content\/uploads\/2016\/10\/C-Wurf-Woche-5-8-242.jpg 499w, http:\/\/wp.eaglered.de\/wp-content\/uploads\/2016\/10\/C-Wurf-Woche-5-8-242-300x200.jpg 300w\" sizes=\"auto, (max-width: 499px) 100vw, 499px\" \/><\/td>\n<\/tr>\n<\/tbody>\n<\/table>\n<p>03. &#8211; 04. Woche<\/p>\n<table>\n<tbody>\n<tr>\n<td width=\"307\"><img loading=\"lazy\" decoding=\"async\" class=\"alignnone size-full wp-image-219\" src=\"http:\/\/wp.eaglered.de\/wp-content\/uploads\/2016\/10\/c-wurf-10.jpg\" alt=\"c-wurf-10\" width=\"502\" height=\"332\" srcset=\"http:\/\/wp.eaglered.de\/wp-content\/uploads\/2016\/10\/c-wurf-10.jpg 502w, http:\/\/wp.eaglered.de\/wp-content\/uploads\/2016\/10\/c-wurf-10-300x198.jpg 300w\" sizes=\"auto, (max-width: 502px) 100vw, 502px\" \/><\/td>\n<td width=\"307\"><img loading=\"lazy\" decoding=\"async\" class=\"alignnone size-full wp-image-220\" src=\"http:\/\/wp.eaglered.de\/wp-content\/uploads\/2016\/10\/c-wurf-11.jpg\" alt=\"c-wurf-11\" width=\"499\" height=\"332\" srcset=\"http:\/\/wp.eaglered.de\/wp-content\/uploads\/2016\/10\/c-wurf-11.jpg 499w, http:\/\/wp.eaglered.de\/wp-content\/uploads\/2016\/10\/c-wurf-11-300x200.jpg 300w\" sizes=\"auto, (max-width: 499px) 100vw, 499px\" \/><\/td>\n<\/tr>\n<tr>\n<td width=\"307\"><img loading=\"lazy\" decoding=\"async\" class=\"alignnone size-full wp-image-221\" src=\"http:\/\/wp.eaglered.de\/wp-content\/uploads\/2016\/10\/c-wurf-12.jpg\" alt=\"c-wurf-12\" width=\"497\" height=\"332\" srcset=\"http:\/\/wp.eaglered.de\/wp-content\/uploads\/2016\/10\/c-wurf-12.jpg 497w, http:\/\/wp.eaglered.de\/wp-content\/uploads\/2016\/10\/c-wurf-12-300x200.jpg 300w\" sizes=\"auto, (max-width: 497px) 100vw, 497px\" \/><\/td>\n<td width=\"307\"><img loading=\"lazy\" decoding=\"async\" class=\"alignnone size-full wp-image-222\" src=\"http:\/\/wp.eaglered.de\/wp-content\/uploads\/2016\/10\/c-wurf-13.jpg\" alt=\"c-wurf-13\" width=\"501\" height=\"332\" srcset=\"http:\/\/wp.eaglered.de\/wp-content\/uploads\/2016\/10\/c-wurf-13.jpg 501w, http:\/\/wp.eaglered.de\/wp-content\/uploads\/2016\/10\/c-wurf-13-300x199.jpg 300w\" sizes=\"auto, (max-width: 501px) 100vw, 501px\" \/><\/td>\n<\/tr>\n<tr>\n<td width=\"307\"><img loading=\"lazy\" decoding=\"async\" class=\"alignnone size-full wp-image-223\" src=\"http:\/\/wp.eaglered.de\/wp-content\/uploads\/2016\/10\/c-wurf-14.jpg\" alt=\"c-wurf-14\" width=\"501\" height=\"332\" srcset=\"http:\/\/wp.eaglered.de\/wp-content\/uploads\/2016\/10\/c-wurf-14.jpg 501w, http:\/\/wp.eaglered.de\/wp-content\/uploads\/2016\/10\/c-wurf-14-300x199.jpg 300w\" sizes=\"auto, (max-width: 501px) 100vw, 501px\" \/><\/td>\n<td width=\"307\"><img loading=\"lazy\" decoding=\"async\" class=\"alignnone size-full wp-image-224\" src=\"http:\/\/wp.eaglered.de\/wp-content\/uploads\/2016\/10\/c-wurf-15.jpg\" alt=\"c-wurf-15\" width=\"492\" height=\"332\" srcset=\"http:\/\/wp.eaglered.de\/wp-content\/uploads\/2016\/10\/c-wurf-15.jpg 492w, http:\/\/wp.eaglered.de\/wp-content\/uploads\/2016\/10\/c-wurf-15-300x202.jpg 300w\" sizes=\"auto, (max-width: 492px) 100vw, 492px\" \/><\/td>\n<\/tr>\n<\/tbody>\n<\/table>\n<p>Die ersten 14 Tage<\/p>\n<table>\n<tbody>\n<tr>\n<td width=\"307\"><img loading=\"lazy\" decoding=\"async\" class=\"alignnone size-full wp-image-215\" src=\"http:\/\/wp.eaglered.de\/wp-content\/uploads\/2016\/10\/c-wurf-1.jpg\" alt=\"c-wurf-1\" width=\"502\" height=\"332\" srcset=\"http:\/\/wp.eaglered.de\/wp-content\/uploads\/2016\/10\/c-wurf-1.jpg 502w, http:\/\/wp.eaglered.de\/wp-content\/uploads\/2016\/10\/c-wurf-1-300x198.jpg 300w\" sizes=\"auto, (max-width: 502px) 100vw, 502px\" \/><\/td>\n<td width=\"307\"><img loading=\"lazy\" decoding=\"async\" class=\"alignnone size-full wp-image-216\" src=\"http:\/\/wp.eaglered.de\/wp-content\/uploads\/2016\/10\/c-wurf-2.jpg\" alt=\"c-wurf-2\" width=\"501\" height=\"332\" srcset=\"http:\/\/wp.eaglered.de\/wp-content\/uploads\/2016\/10\/c-wurf-2.jpg 501w, http:\/\/wp.eaglered.de\/wp-content\/uploads\/2016\/10\/c-wurf-2-300x199.jpg 300w\" sizes=\"auto, (max-width: 501px) 100vw, 501px\" \/><\/td>\n<\/tr>\n<tr>\n<td width=\"307\"><img loading=\"lazy\" decoding=\"async\" class=\"alignnone size-full wp-image-218\" src=\"http:\/\/wp.eaglered.de\/wp-content\/uploads\/2016\/10\/c-wurf-4.jpg\" alt=\"c-wurf-4\" width=\"500\" height=\"332\" srcset=\"http:\/\/wp.eaglered.de\/wp-content\/uploads\/2016\/10\/c-wurf-4.jpg 500w, http:\/\/wp.eaglered.de\/wp-content\/uploads\/2016\/10\/c-wurf-4-300x199.jpg 300w\" sizes=\"auto, (max-width: 500px) 100vw, 500px\" \/><\/td>\n<td width=\"307\"><img loading=\"lazy\" decoding=\"async\" class=\"alignnone size-full wp-image-228\" src=\"http:\/\/wp.eaglered.de\/wp-content\/uploads\/2016\/10\/c-wurf4.jpg\" alt=\"c-wurf4\" width=\"499\" height=\"332\" srcset=\"http:\/\/wp.eaglered.de\/wp-content\/uploads\/2016\/10\/c-wurf4.jpg 499w, http:\/\/wp.eaglered.de\/wp-content\/uploads\/2016\/10\/c-wurf4-300x200.jpg 300w\" sizes=\"auto, (max-width: 499px) 100vw, 499px\" \/><\/td>\n<\/tr>\n<tr>\n<td width=\"307\"><img loading=\"lazy\" decoding=\"async\" class=\"alignnone size-full wp-image-225\" src=\"http:\/\/wp.eaglered.de\/wp-content\/uploads\/2016\/10\/c-wurf-neu.jpg\" alt=\"c-wurf-neu\" width=\"489\" height=\"332\" srcset=\"http:\/\/wp.eaglered.de\/wp-content\/uploads\/2016\/10\/c-wurf-neu.jpg 489w, http:\/\/wp.eaglered.de\/wp-content\/uploads\/2016\/10\/c-wurf-neu-300x204.jpg 300w\" sizes=\"auto, (max-width: 489px) 100vw, 489px\" \/><\/td>\n<td width=\"307\"><img loading=\"lazy\" decoding=\"async\" class=\"alignnone size-full wp-image-229\" src=\"http:\/\/wp.eaglered.de\/wp-content\/uploads\/2016\/10\/c-wurf5.jpg\" alt=\"c-wurf5\" width=\"499\" height=\"332\" srcset=\"http:\/\/wp.eaglered.de\/wp-content\/uploads\/2016\/10\/c-wurf5.jpg 499w, http:\/\/wp.eaglered.de\/wp-content\/uploads\/2016\/10\/c-wurf5-300x200.jpg 300w\" sizes=\"auto, (max-width: 499px) 100vw, 499px\" \/><\/td>\n<\/tr>\n<\/tbody>\n<\/table>\n<p><img loading=\"lazy\" decoding=\"async\" class=\"alignnone size-full wp-image-168\" src=\"http:\/\/wp.eaglered.de\/wp-content\/uploads\/2016\/10\/07.05.2015.jpg\" alt=\"07-05-2015\" width=\"503\" height=\"334\" srcset=\"http:\/\/wp.eaglered.de\/wp-content\/uploads\/2016\/10\/07.05.2015.jpg 503w, http:\/\/wp.eaglered.de\/wp-content\/uploads\/2016\/10\/07.05.2015-300x199.jpg 300w\" sizes=\"auto, (max-width: 503px) 100vw, 503px\" \/><\/p>\n<p>Der Deckr\u00fcde f\u00fcr meinen geplanten C-Wurf\u00a0 wird\u00a0<a href=\"http:\/\/www.flatgold.de\/Benni.htm\"><strong><span class=\"style1\">Peter&#8217;s Golden Benjamin B<\/span><\/strong><span class=\"style2\"><strong>lue<\/strong><\/span><\/a><span class=\"style1\"><strong> \u201cBenni\u201d<\/strong><\/span> sein.<\/p>\n<p><span class=\"style3\">&#8222;Benni ist Hartmuts Jagdkumpel. Stundenlang sitzen beide getarnt im Maisfeld und warten auf Kr\u00e4hen. Benni schaltet dabei nicht ab, sondern beobachtet gezielt dem Himmel- immer in freudiger Erwartung es k\u00f6nnte endlich etwas passieren. Auch beim abendlichen Einfallen der Enten tut Benni einfach das, was von ihm verlangt wird und verh\u00e4lt sich angenehm still, merkt sich alle Fallstellen und apportiert dann &#8211; ein idealer Jagdhund.\u00a0<\/span><span class=\"style3\">\u00a0Benni liebt Dummies \u00fcber alles, eine Leidenschaft, die er nicht unbedingt mit seinem Herrchen teilt und so sieht man die beiden nur gelegentlich mal auf Workingtests.\u00a0<\/span>Benni ist ein sehr freundlicher,\u00a0wesenssicherer und \u00a0souver\u00e4ner Hund, der zu Hause absolut nicht zu bemerken ist, mit Sicherheit das was man sich als\u00a0Arbeitsgolden w\u00fcnscht.&#8220;<\/p>\n<table>\n<tbody>\n<tr>\n<td width=\"307\"><img loading=\"lazy\" decoding=\"async\" class=\"alignnone size-full wp-image-262\" src=\"http:\/\/wp.eaglered.de\/wp-content\/uploads\/2016\/10\/fanta-1.jpg\" alt=\"fanta-1\" width=\"344\" height=\"323\" srcset=\"http:\/\/wp.eaglered.de\/wp-content\/uploads\/2016\/10\/fanta-1.jpg 344w, http:\/\/wp.eaglered.de\/wp-content\/uploads\/2016\/10\/fanta-1-300x282.jpg 300w\" sizes=\"auto, (max-width: 344px) 100vw, 344px\" \/><\/td>\n<td width=\"307\"><img loading=\"lazy\" decoding=\"async\" class=\"alignnone size-full wp-image-202\" src=\"http:\/\/wp.eaglered.de\/wp-content\/uploads\/2016\/10\/benni-1.jpg\" alt=\"benni-1\" width=\"344\" height=\"324\" srcset=\"http:\/\/wp.eaglered.de\/wp-content\/uploads\/2016\/10\/benni-1.jpg 344w, http:\/\/wp.eaglered.de\/wp-content\/uploads\/2016\/10\/benni-1-300x283.jpg 300w\" sizes=\"auto, (max-width: 344px) 100vw, 344px\" \/><\/td>\n<\/tr>\n<tr>\n<td width=\"307\"><a href=\"http:\/\/www.drc.de\/adr\/listen\/show_druede.php?what=Hunde&amp;rvid=89655&amp;race=Golden%20Retriever\"><span class=\"style5\">Stonehunter Juparana Fantastico<\/span> <\/a><\/td>\n<td width=\"307\"><a href=\"http:\/\/www.drc.de\/adr\/listen\/show_druede.php?what=Hunde&amp;rvid=54114&amp;race=Golden%20Retriever\">Peter&#8217;s Golden Benjamin Blue &#8222;Benni&#8220;<\/a><\/td>\n<\/tr>\n<\/tbody>\n<\/table>\n<table>\n<tbody>\n<tr>\n<td width=\"307\"><img loading=\"lazy\" decoding=\"async\" class=\"alignnone size-full wp-image-263\" src=\"http:\/\/wp.eaglered.de\/wp-content\/uploads\/2016\/10\/fanta-2.jpg\" alt=\"fanta-2\" width=\"343\" height=\"251\" srcset=\"http:\/\/wp.eaglered.de\/wp-content\/uploads\/2016\/10\/fanta-2.jpg 343w, http:\/\/wp.eaglered.de\/wp-content\/uploads\/2016\/10\/fanta-2-300x220.jpg 300w\" sizes=\"auto, (max-width: 343px) 100vw, 343px\" \/><\/td>\n<td width=\"307\"><img loading=\"lazy\" decoding=\"async\" class=\"alignnone size-full wp-image-203\" src=\"http:\/\/wp.eaglered.de\/wp-content\/uploads\/2016\/10\/benni-2.jpg\" alt=\"benni-2\" width=\"344\" height=\"251\" srcset=\"http:\/\/wp.eaglered.de\/wp-content\/uploads\/2016\/10\/benni-2.jpg 344w, http:\/\/wp.eaglered.de\/wp-content\/uploads\/2016\/10\/benni-2-300x219.jpg 300w\" sizes=\"auto, (max-width: 344px) 100vw, 344px\" \/><\/td>\n<\/tr>\n<tr>\n<td width=\"307\"><img loading=\"lazy\" decoding=\"async\" class=\"alignnone size-full wp-image-265\" src=\"http:\/\/wp.eaglered.de\/wp-content\/uploads\/2016\/10\/fanta-4.jpg\" alt=\"fanta-4\" width=\"344\" height=\"251\" srcset=\"http:\/\/wp.eaglered.de\/wp-content\/uploads\/2016\/10\/fanta-4.jpg 344w, http:\/\/wp.eaglered.de\/wp-content\/uploads\/2016\/10\/fanta-4-300x219.jpg 300w\" sizes=\"auto, (max-width: 344px) 100vw, 344px\" \/><\/td>\n<td width=\"307\"><img loading=\"lazy\" decoding=\"async\" class=\"alignnone size-full wp-image-209\" src=\"http:\/\/wp.eaglered.de\/wp-content\/uploads\/2016\/10\/bennijan142.jpg\" alt=\"bennijan142\" width=\"344\" height=\"251\" srcset=\"http:\/\/wp.eaglered.de\/wp-content\/uploads\/2016\/10\/bennijan142.jpg 344w, http:\/\/wp.eaglered.de\/wp-content\/uploads\/2016\/10\/bennijan142-300x219.jpg 300w\" sizes=\"auto, (max-width: 344px) 100vw, 344px\" \/><\/td>\n<\/tr>\n<tr>\n<td width=\"307\"><img loading=\"lazy\" decoding=\"async\" class=\"alignnone size-full wp-image-266\" src=\"http:\/\/wp.eaglered.de\/wp-content\/uploads\/2016\/10\/fanta-5.jpg\" alt=\"fanta-5\" width=\"344\" height=\"484\" srcset=\"http:\/\/wp.eaglered.de\/wp-content\/uploads\/2016\/10\/fanta-5.jpg 344w, http:\/\/wp.eaglered.de\/wp-content\/uploads\/2016\/10\/fanta-5-213x300.jpg 213w\" sizes=\"auto, (max-width: 344px) 100vw, 344px\" \/><\/td>\n<td width=\"307\"><img loading=\"lazy\" decoding=\"async\" class=\"alignnone size-full wp-image-208\" src=\"http:\/\/wp.eaglered.de\/wp-content\/uploads\/2016\/10\/bennijan-6.jpg\" alt=\"bennijan-6\" width=\"344\" height=\"484\" srcset=\"http:\/\/wp.eaglered.de\/wp-content\/uploads\/2016\/10\/bennijan-6.jpg 344w, http:\/\/wp.eaglered.de\/wp-content\/uploads\/2016\/10\/bennijan-6-213x300.jpg 213w\" sizes=\"auto, (max-width: 344px) 100vw, 344px\" \/><\/td>\n<\/tr>\n<\/tbody>\n<\/table>\n","protected":false},"excerpt":{"rendered":"<p>Fanta hat am 07.05.15\u00a0 6 R\u00fcden und 5 H\u00fcndinnen zur Welt gebracht! Leider ist eine H\u00fcndin nach 3 Tagen gestorben. 05. &#8211; 08. Woche 03. &#8211; 04. Woche Die ersten 14 Tage Der Deckr\u00fcde f\u00fcr meinen geplanten C-Wurf\u00a0 wird\u00a0Peter&#8217;s Golden Benjamin Blue \u201cBenni\u201d sein. &#8222;Benni ist Hartmuts Jagdkumpel. Stundenlang sitzen &#8230;<\/p>\n","protected":false},"author":1,"featured_media":0,"parent":9,"menu_order":9,"comment_status":"closed","ping_status":"closed","template":"","meta":{"footnotes":""},"class_list":["post-19","page","type-page","status-publish","hentry","column","twocol"],"_links":{"self":[{"href":"http:\/\/wp.eaglered.de\/index.php?rest_route=\/wp\/v2\/pages\/19","targetHints":{"allow":["GET"]}}],"collection":[{"href":"http:\/\/wp.eaglered.de\/index.php?rest_route=\/wp\/v2\/pages"}],"about":[{"href":"http:\/\/wp.eaglered.de\/index.php?rest_route=\/wp\/v2\/types\/page"}],"author":[{"embeddable":true,"href":"http:\/\/wp.eaglered.de\/index.php?rest_route=\/wp\/v2\/users\/1"}],"replies":[{"embeddable":true,"href":"http:\/\/wp.eaglered.de\/index.php?rest_route=%2Fwp%2Fv2%2Fcomments&post=19"}],"version-history":[{"count":2,"href":"http:\/\/wp.eaglered.de\/index.php?rest_route=\/wp\/v2\/pages\/19\/revisions"}],"predecessor-version":[{"id":429,"href":"http:\/\/wp.eaglered.de\/index.php?rest_route=\/wp\/v2\/pages\/19\/revisions\/429"}],"up":[{"embeddable":true,"href":"http:\/\/wp.eaglered.de\/index.php?rest_route=\/wp\/v2\/pages\/9"}],"wp:attachment":[{"href":"http:\/\/wp.eaglered.de\/index.php?rest_route=%2Fwp%2Fv2%2Fmedia&parent=19"}],"curies":[{"name":"wp","href":"https:\/\/api.w.org\/{rel}","templated":true}]}}