{"id":23,"date":"2016-10-04T14:33:30","date_gmt":"2016-10-04T14:33:30","guid":{"rendered":"http:\/\/wp.eaglered.de\/?page_id=23"},"modified":"2021-02-11T20:32:37","modified_gmt":"2021-02-11T20:32:37","slug":"amy","status":"publish","type":"page","link":"http:\/\/wp.eaglered.de\/?page_id=23","title":{"rendered":"Never forget &#8230; Aemie"},"content":{"rendered":"\n<ul class=\"wp-block-gallery columns-2 is-cropped wp-block-gallery-1 is-layout-flex wp-block-gallery-is-layout-flex\"><li class=\"blocks-gallery-item\"><figure><img loading=\"lazy\" decoding=\"async\" width=\"1024\" height=\"768\" src=\"http:\/\/wp.eaglered.de\/wp-content\/uploads\/2021\/02\/WhatsApp-Image-2021-02-11-at-21.27.20-1-1024x768.jpeg\" alt=\"\" data-id=\"1039\" data-link=\"http:\/\/wp.eaglered.de\/?attachment_id=1039\" class=\"wp-image-1039\" srcset=\"http:\/\/wp.eaglered.de\/wp-content\/uploads\/2021\/02\/WhatsApp-Image-2021-02-11-at-21.27.20-1-1024x768.jpeg 1024w, http:\/\/wp.eaglered.de\/wp-content\/uploads\/2021\/02\/WhatsApp-Image-2021-02-11-at-21.27.20-1-300x225.jpeg 300w, http:\/\/wp.eaglered.de\/wp-content\/uploads\/2021\/02\/WhatsApp-Image-2021-02-11-at-21.27.20-1-768x576.jpeg 768w, http:\/\/wp.eaglered.de\/wp-content\/uploads\/2021\/02\/WhatsApp-Image-2021-02-11-at-21.27.20-1-700x525.jpeg 700w, http:\/\/wp.eaglered.de\/wp-content\/uploads\/2021\/02\/WhatsApp-Image-2021-02-11-at-21.27.20-1-332x249.jpeg 332w, http:\/\/wp.eaglered.de\/wp-content\/uploads\/2021\/02\/WhatsApp-Image-2021-02-11-at-21.27.20-1.jpeg 1600w\" sizes=\"auto, (max-width: 1024px) 100vw, 1024px\" \/><\/figure><\/li><li class=\"blocks-gallery-item\"><figure><img loading=\"lazy\" decoding=\"async\" width=\"1024\" height=\"768\" src=\"http:\/\/wp.eaglered.de\/wp-content\/uploads\/2021\/02\/WhatsApp-Image-2021-02-11-at-21.27.20-1024x768.jpeg\" alt=\"\" data-id=\"1040\" data-link=\"http:\/\/wp.eaglered.de\/?attachment_id=1040\" class=\"wp-image-1040\" srcset=\"http:\/\/wp.eaglered.de\/wp-content\/uploads\/2021\/02\/WhatsApp-Image-2021-02-11-at-21.27.20-1024x768.jpeg 1024w, http:\/\/wp.eaglered.de\/wp-content\/uploads\/2021\/02\/WhatsApp-Image-2021-02-11-at-21.27.20-300x225.jpeg 300w, http:\/\/wp.eaglered.de\/wp-content\/uploads\/2021\/02\/WhatsApp-Image-2021-02-11-at-21.27.20-768x576.jpeg 768w, http:\/\/wp.eaglered.de\/wp-content\/uploads\/2021\/02\/WhatsApp-Image-2021-02-11-at-21.27.20-700x525.jpeg 700w, http:\/\/wp.eaglered.de\/wp-content\/uploads\/2021\/02\/WhatsApp-Image-2021-02-11-at-21.27.20-332x249.jpeg 332w, http:\/\/wp.eaglered.de\/wp-content\/uploads\/2021\/02\/WhatsApp-Image-2021-02-11-at-21.27.20.jpeg 1600w\" sizes=\"auto, (max-width: 1024px) 100vw, 1024px\" \/><\/figure><\/li><\/ul>\n\n\n<p><strong>Stonehunter Eagle Red Aemie<br \/><\/strong>*14.02.2006 \/ + 17.10.2020<br \/><a href=\"http:\/\/www.drc.de\/adr\/listen\/show_druede.php?what=Hunde&amp;rvid=55803&amp;race=Golden%20Retriever\">DRC Zb.Nr. G-06 22260<\/a><\/p>\n<p>Mutter: Stonehunter Donna Chaggy\u00a0(D)<br \/>Vater: Omskakas Helst\u00a0(FIN)<\/p>\n<p>Z\u00fcchter: Monika Barbara Kniel, Bad Neuenahr-Ahweiler (D)<\/p>\n<p>Gesundheit: HD\u00a0B1,\u00a0ED\u00a0frei\/frei,\u00a0RD \/ PRA \/ HC\u00a0frei am 10.06.2011, Zahnstatus o.b.<\/p>\n<p>Aemie vereint all die guten Eigenschaften eines Golden Retriever aus reiner Arbeitslinie, die in der Literatur \u00fcber diese Rasse beschrieben werden.\u00a0Sie verk\u00f6rpert f\u00fcr mich einfach alles, was ich von einem Golden erwarte.\u00a0Ihr enormes \u201ewill to please\u201c, ihre hervorragende Nase, ihre Leichtf\u00fchrigkeit, Schnelligkeit, Lernbegeisterung und ihr au\u00dfergew\u00f6hnlicher Finderwille sind sensationell.<\/p>\n<p>Pr\u00fcfungen<br \/>Wesenstest &#8211; bestanden im Jahr 2006<br \/>Jagdliche Jugendpr\u00fcfung &#8211; JP\/R &#8211; bestanden im Jahr 2007 mit 252 Punkten<br \/>Bringleistungspr\u00fcfung &#8211; BLP\/R &#8211; bestanden im Jahr 2008 mit 275 Punkten<br \/>RTT Workingtest &#8211; A &#8211; bestanden im Jahr 2008 mit 3.Platz<br \/>Cold Game in Kaltenbach &#8211; bestanden im Jahr 2009 mit 2.Pr\u00e4mie<\/p>\n<p><img loading=\"lazy\" decoding=\"async\" class=\"alignnone size-full wp-image-72\" src=\"http:\/\/wp.eaglered.de\/wp-content\/uploads\/2016\/10\/1_aemie_2013.jpg\" alt=\"1_aemie_2013\" width=\"680\" height=\"442\" srcset=\"http:\/\/wp.eaglered.de\/wp-content\/uploads\/2016\/10\/1_aemie_2013.jpg 680w, http:\/\/wp.eaglered.de\/wp-content\/uploads\/2016\/10\/1_aemie_2013-300x195.jpg 300w\" sizes=\"auto, (max-width: 680px) 100vw, 680px\" \/><\/p>\n<p><img loading=\"lazy\" decoding=\"async\" class=\"alignnone size-full wp-image-71\" src=\"http:\/\/wp.eaglered.de\/wp-content\/uploads\/2016\/10\/1_aemie.jpg\" alt=\"1_aemie\" width=\"680\" height=\"400\" srcset=\"http:\/\/wp.eaglered.de\/wp-content\/uploads\/2016\/10\/1_aemie.jpg 680w, http:\/\/wp.eaglered.de\/wp-content\/uploads\/2016\/10\/1_aemie-300x176.jpg 300w\" sizes=\"auto, (max-width: 680px) 100vw, 680px\" \/><\/p>\n<p><img loading=\"lazy\" decoding=\"async\" class=\"alignnone size-full wp-image-87\" src=\"http:\/\/wp.eaglered.de\/wp-content\/uploads\/2016\/10\/2_aemie.jpg\" alt=\"2_aemie\" width=\"680\" height=\"400\" srcset=\"http:\/\/wp.eaglered.de\/wp-content\/uploads\/2016\/10\/2_aemie.jpg 680w, http:\/\/wp.eaglered.de\/wp-content\/uploads\/2016\/10\/2_aemie-300x176.jpg 300w\" sizes=\"auto, (max-width: 680px) 100vw, 680px\" \/><\/p>","protected":false},"excerpt":{"rendered":"<p>Stonehunter Eagle Red Aemie*14.02.2006 \/ + 17.10.2020DRC Zb.Nr. G-06 22260 Mutter: Stonehunter Donna Chaggy\u00a0(D)Vater: Omskakas Helst\u00a0(FIN) Z\u00fcchter: Monika Barbara Kniel, Bad Neuenahr-Ahweiler (D) Gesundheit: HD\u00a0B1,\u00a0ED\u00a0frei\/frei,\u00a0RD \/ PRA \/ HC\u00a0frei am 10.06.2011, Zahnstatus o.b. Aemie vereint all die guten Eigenschaften eines Golden Retriever aus reiner Arbeitslinie, die in der Literatur \u00fcber &#8230;<\/p>\n","protected":false},"author":1,"featured_media":0,"parent":7,"menu_order":4,"comment_status":"closed","ping_status":"closed","template":"","meta":{"footnotes":""},"class_list":["post-23","page","type-page","status-publish","hentry","column","twocol"],"_links":{"self":[{"href":"http:\/\/wp.eaglered.de\/index.php?rest_route=\/wp\/v2\/pages\/23","targetHints":{"allow":["GET"]}}],"collection":[{"href":"http:\/\/wp.eaglered.de\/index.php?rest_route=\/wp\/v2\/pages"}],"about":[{"href":"http:\/\/wp.eaglered.de\/index.php?rest_route=\/wp\/v2\/types\/page"}],"author":[{"embeddable":true,"href":"http:\/\/wp.eaglered.de\/index.php?rest_route=\/wp\/v2\/users\/1"}],"replies":[{"embeddable":true,"href":"http:\/\/wp.eaglered.de\/index.php?rest_route=%2Fwp%2Fv2%2Fcomments&post=23"}],"version-history":[{"count":21,"href":"http:\/\/wp.eaglered.de\/index.php?rest_route=\/wp\/v2\/pages\/23\/revisions"}],"predecessor-version":[{"id":1041,"href":"http:\/\/wp.eaglered.de\/index.php?rest_route=\/wp\/v2\/pages\/23\/revisions\/1041"}],"up":[{"embeddable":true,"href":"http:\/\/wp.eaglered.de\/index.php?rest_route=\/wp\/v2\/pages\/7"}],"wp:attachment":[{"href":"http:\/\/wp.eaglered.de\/index.php?rest_route=%2Fwp%2Fv2%2Fmedia&parent=23"}],"curies":[{"name":"wp","href":"https:\/\/api.w.org\/{rel}","templated":true}]}}