{"id":852,"date":"2020-03-07T11:05:05","date_gmt":"2020-03-07T11:05:05","guid":{"rendered":"http:\/\/wp.eaglered.de\/?page_id=852"},"modified":"2021-03-17T17:34:22","modified_gmt":"2021-03-17T17:34:22","slug":"d-wurf","status":"publish","type":"page","link":"http:\/\/wp.eaglered.de\/?page_id=852","title":{"rendered":"D-Wurf"},"content":{"rendered":"\n<ul class=\"wp-block-gallery columns-2 is-cropped wp-block-gallery-1 is-layout-flex wp-block-gallery-is-layout-flex\"><li class=\"blocks-gallery-item\"><figure><img loading=\"lazy\" decoding=\"async\" width=\"1024\" height=\"768\" src=\"http:\/\/wp.eaglered.de\/wp-content\/uploads\/2021\/02\/WhatsApp-Image-2021-02-11-at-21.25.09-1024x768.jpeg\" alt=\"\" data-id=\"1042\" data-link=\"http:\/\/wp.eaglered.de\/?attachment_id=1042\" class=\"wp-image-1042\" srcset=\"http:\/\/wp.eaglered.de\/wp-content\/uploads\/2021\/02\/WhatsApp-Image-2021-02-11-at-21.25.09-1024x768.jpeg 1024w, http:\/\/wp.eaglered.de\/wp-content\/uploads\/2021\/02\/WhatsApp-Image-2021-02-11-at-21.25.09-300x225.jpeg 300w, http:\/\/wp.eaglered.de\/wp-content\/uploads\/2021\/02\/WhatsApp-Image-2021-02-11-at-21.25.09-768x576.jpeg 768w, http:\/\/wp.eaglered.de\/wp-content\/uploads\/2021\/02\/WhatsApp-Image-2021-02-11-at-21.25.09-700x525.jpeg 700w, http:\/\/wp.eaglered.de\/wp-content\/uploads\/2021\/02\/WhatsApp-Image-2021-02-11-at-21.25.09-332x249.jpeg 332w, http:\/\/wp.eaglered.de\/wp-content\/uploads\/2021\/02\/WhatsApp-Image-2021-02-11-at-21.25.09.jpeg 1600w\" sizes=\"auto, (max-width: 1024px) 100vw, 1024px\" \/><\/figure><\/li><li class=\"blocks-gallery-item\"><figure><img loading=\"lazy\" decoding=\"async\" width=\"768\" height=\"1024\" src=\"http:\/\/wp.eaglered.de\/wp-content\/uploads\/2021\/02\/WhatsApp-Image-2021-02-11-at-21.24.21-768x1024.jpeg\" alt=\"\" data-id=\"1043\" data-link=\"http:\/\/wp.eaglered.de\/?attachment_id=1043\" class=\"wp-image-1043\" srcset=\"http:\/\/wp.eaglered.de\/wp-content\/uploads\/2021\/02\/WhatsApp-Image-2021-02-11-at-21.24.21-768x1024.jpeg 768w, http:\/\/wp.eaglered.de\/wp-content\/uploads\/2021\/02\/WhatsApp-Image-2021-02-11-at-21.24.21-225x300.jpeg 225w, http:\/\/wp.eaglered.de\/wp-content\/uploads\/2021\/02\/WhatsApp-Image-2021-02-11-at-21.24.21-700x933.jpeg 700w, http:\/\/wp.eaglered.de\/wp-content\/uploads\/2021\/02\/WhatsApp-Image-2021-02-11-at-21.24.21-332x443.jpeg 332w, http:\/\/wp.eaglered.de\/wp-content\/uploads\/2021\/02\/WhatsApp-Image-2021-02-11-at-21.24.21.jpeg 1200w\" sizes=\"auto, (max-width: 768px) 100vw, 768px\" \/><\/figure><\/li><\/ul>\n\n\n\n<p>Der D-Wurf wurde am 20.08.2020 geboren. Inzwischen hat sich der kleine Mann zu einem properen Welpe entwickelt . Bin sehr froh und stolz auf meinen kleinen K\u00e4mpfer!  Der Welpe ist vergeben!<\/p>\n\n\n\n<ul class=\"wp-block-gallery columns-3 is-cropped wp-block-gallery-2 is-layout-flex wp-block-gallery-is-layout-flex\"><li class=\"blocks-gallery-item\"><figure><img loading=\"lazy\" decoding=\"async\" width=\"1024\" height=\"768\" src=\"http:\/\/wp.eaglered.de\/wp-content\/uploads\/2020\/08\/WhatsApp-Image-2020-08-27-at-10.49.41-1-1024x768.jpeg\" alt=\"\" data-id=\"950\" data-link=\"http:\/\/wp.eaglered.de\/?attachment_id=950\" class=\"wp-image-950\" srcset=\"http:\/\/wp.eaglered.de\/wp-content\/uploads\/2020\/08\/WhatsApp-Image-2020-08-27-at-10.49.41-1-1024x768.jpeg 1024w, http:\/\/wp.eaglered.de\/wp-content\/uploads\/2020\/08\/WhatsApp-Image-2020-08-27-at-10.49.41-1-300x225.jpeg 300w, http:\/\/wp.eaglered.de\/wp-content\/uploads\/2020\/08\/WhatsApp-Image-2020-08-27-at-10.49.41-1-768x576.jpeg 768w, http:\/\/wp.eaglered.de\/wp-content\/uploads\/2020\/08\/WhatsApp-Image-2020-08-27-at-10.49.41-1-700x525.jpeg 700w, http:\/\/wp.eaglered.de\/wp-content\/uploads\/2020\/08\/WhatsApp-Image-2020-08-27-at-10.49.41-1-332x249.jpeg 332w, http:\/\/wp.eaglered.de\/wp-content\/uploads\/2020\/08\/WhatsApp-Image-2020-08-27-at-10.49.41-1.jpeg 1600w\" sizes=\"auto, (max-width: 1024px) 100vw, 1024px\" \/><\/figure><\/li><li class=\"blocks-gallery-item\"><figure><img loading=\"lazy\" decoding=\"async\" width=\"1024\" height=\"768\" src=\"http:\/\/wp.eaglered.de\/wp-content\/uploads\/2020\/08\/WhatsApp-Image-2020-08-27-at-10.49.41-1024x768.jpeg\" alt=\"\" data-id=\"951\" data-link=\"http:\/\/wp.eaglered.de\/?attachment_id=951\" class=\"wp-image-951\" srcset=\"http:\/\/wp.eaglered.de\/wp-content\/uploads\/2020\/08\/WhatsApp-Image-2020-08-27-at-10.49.41-1024x768.jpeg 1024w, http:\/\/wp.eaglered.de\/wp-content\/uploads\/2020\/08\/WhatsApp-Image-2020-08-27-at-10.49.41-300x225.jpeg 300w, http:\/\/wp.eaglered.de\/wp-content\/uploads\/2020\/08\/WhatsApp-Image-2020-08-27-at-10.49.41-768x576.jpeg 768w, http:\/\/wp.eaglered.de\/wp-content\/uploads\/2020\/08\/WhatsApp-Image-2020-08-27-at-10.49.41-700x525.jpeg 700w, http:\/\/wp.eaglered.de\/wp-content\/uploads\/2020\/08\/WhatsApp-Image-2020-08-27-at-10.49.41-332x249.jpeg 332w, http:\/\/wp.eaglered.de\/wp-content\/uploads\/2020\/08\/WhatsApp-Image-2020-08-27-at-10.49.41.jpeg 1600w\" sizes=\"auto, (max-width: 1024px) 100vw, 1024px\" \/><\/figure><\/li><li class=\"blocks-gallery-item\"><figure><img loading=\"lazy\" decoding=\"async\" width=\"768\" height=\"1024\" src=\"http:\/\/wp.eaglered.de\/wp-content\/uploads\/2020\/08\/WhatsApp-Image-2020-08-27-at-10.49.42-1-768x1024.jpeg\" alt=\"\" data-id=\"952\" data-link=\"http:\/\/wp.eaglered.de\/?attachment_id=952\" class=\"wp-image-952\" srcset=\"http:\/\/wp.eaglered.de\/wp-content\/uploads\/2020\/08\/WhatsApp-Image-2020-08-27-at-10.49.42-1-768x1024.jpeg 768w, http:\/\/wp.eaglered.de\/wp-content\/uploads\/2020\/08\/WhatsApp-Image-2020-08-27-at-10.49.42-1-225x300.jpeg 225w, http:\/\/wp.eaglered.de\/wp-content\/uploads\/2020\/08\/WhatsApp-Image-2020-08-27-at-10.49.42-1-700x933.jpeg 700w, http:\/\/wp.eaglered.de\/wp-content\/uploads\/2020\/08\/WhatsApp-Image-2020-08-27-at-10.49.42-1-332x443.jpeg 332w, http:\/\/wp.eaglered.de\/wp-content\/uploads\/2020\/08\/WhatsApp-Image-2020-08-27-at-10.49.42-1.jpeg 1200w\" sizes=\"auto, (max-width: 768px) 100vw, 768px\" \/><\/figure><\/li><li class=\"blocks-gallery-item\"><figure><img loading=\"lazy\" decoding=\"async\" width=\"1024\" height=\"768\" src=\"http:\/\/wp.eaglered.de\/wp-content\/uploads\/2020\/08\/WhatsApp-Image-2020-08-27-at-10.49.42-1024x768.jpeg\" alt=\"\" data-id=\"953\" data-link=\"http:\/\/wp.eaglered.de\/?attachment_id=953\" class=\"wp-image-953\" srcset=\"http:\/\/wp.eaglered.de\/wp-content\/uploads\/2020\/08\/WhatsApp-Image-2020-08-27-at-10.49.42-1024x768.jpeg 1024w, http:\/\/wp.eaglered.de\/wp-content\/uploads\/2020\/08\/WhatsApp-Image-2020-08-27-at-10.49.42-300x225.jpeg 300w, http:\/\/wp.eaglered.de\/wp-content\/uploads\/2020\/08\/WhatsApp-Image-2020-08-27-at-10.49.42-768x576.jpeg 768w, http:\/\/wp.eaglered.de\/wp-content\/uploads\/2020\/08\/WhatsApp-Image-2020-08-27-at-10.49.42-700x525.jpeg 700w, http:\/\/wp.eaglered.de\/wp-content\/uploads\/2020\/08\/WhatsApp-Image-2020-08-27-at-10.49.42-332x249.jpeg 332w, http:\/\/wp.eaglered.de\/wp-content\/uploads\/2020\/08\/WhatsApp-Image-2020-08-27-at-10.49.42.jpeg 1600w\" sizes=\"auto, (max-width: 1024px) 100vw, 1024px\" \/><\/figure><\/li><\/ul>\n\n\n\n<p>Der Vater meines D&#8211;Wurfes wird <a href=\"https:\/\/drc.de\/adr\/listen\/show_druede.php?what=Hunde&amp;rvid=80074&amp;race=Golden Retriever\">Golden Worker Discovery Colin<\/a>. F\u00fcr ihn habe ich mich entschieden, weil er ein sehr menschenbezogener R\u00fcde ist, seine F\u00fchrigkeit mich total beeindruckt hat und er mit gro\u00dfer Begeisterung jedes Dummy reinholt. Dar\u00fcber hinaus ist Colin ein Sohn von Doubleuse Rambling Rose, genannt &#8222;Duke&#8220;, dem Deckr\u00fcden meines A-Wurfs.<\/p>\n\n\n\n<div class=\"wp-block-image\"><figure class=\"aligncenter\"><img loading=\"lazy\" decoding=\"async\" width=\"150\" height=\"150\" src=\"http:\/\/wp.eaglered.de\/wp-content\/uploads\/2021\/02\/image.jpg\" alt=\"\" class=\"wp-image-1058\"\/><\/figure><\/div>\n\n\n\n<p>Mehr \u00fcber Collin erfahrt ihr auf seiner Homepage <a rel=\"noreferrer noopener\" aria-label=\"hier (\u00f6ffnet in neuem Tab)\" href=\"http:\/\/www.golden-worker-discovery-colin.de\/index.php\/hunde\/colin\" target=\"_blank\">hier.<\/a><\/p>\n\n\n\n<p>Heute kann ich mit Freude verk\u00fcnden, dass Bekkie l\u00e4ufig ist &#8211; der D-Wurf r\u00fcckt immer n\u00e4her! <\/p>\n\n\n\n<ul class=\"wp-block-gallery columns-2 is-cropped wp-block-gallery-3 is-layout-flex wp-block-gallery-is-layout-flex\"><li class=\"blocks-gallery-item\"><figure><img loading=\"lazy\" decoding=\"async\" width=\"1024\" height=\"683\" src=\"http:\/\/wp.eaglered.de\/wp-content\/uploads\/2020\/03\/20200307-D67A7505-1024x683.jpg\" alt=\"\" data-id=\"879\" data-link=\"http:\/\/wp.eaglered.de\/?attachment_id=879\" class=\"wp-image-879\" srcset=\"http:\/\/wp.eaglered.de\/wp-content\/uploads\/2020\/03\/20200307-D67A7505-1024x683.jpg 1024w, http:\/\/wp.eaglered.de\/wp-content\/uploads\/2020\/03\/20200307-D67A7505-300x200.jpg 300w, http:\/\/wp.eaglered.de\/wp-content\/uploads\/2020\/03\/20200307-D67A7505-768x512.jpg 768w, http:\/\/wp.eaglered.de\/wp-content\/uploads\/2020\/03\/20200307-D67A7505-700x467.jpg 700w, http:\/\/wp.eaglered.de\/wp-content\/uploads\/2020\/03\/20200307-D67A7505-332x221.jpg 332w\" sizes=\"auto, (max-width: 1024px) 100vw, 1024px\" \/><\/figure><\/li><li class=\"blocks-gallery-item\"><figure><img loading=\"lazy\" decoding=\"async\" width=\"1024\" height=\"683\" src=\"http:\/\/wp.eaglered.de\/wp-content\/uploads\/2020\/03\/20200307-D67A7519-Bearbeitet-1024x683.jpg\" alt=\"\" data-id=\"893\" data-link=\"http:\/\/wp.eaglered.de\/?attachment_id=893\" class=\"wp-image-893\" srcset=\"http:\/\/wp.eaglered.de\/wp-content\/uploads\/2020\/03\/20200307-D67A7519-Bearbeitet-1024x683.jpg 1024w, http:\/\/wp.eaglered.de\/wp-content\/uploads\/2020\/03\/20200307-D67A7519-Bearbeitet-300x200.jpg 300w, http:\/\/wp.eaglered.de\/wp-content\/uploads\/2020\/03\/20200307-D67A7519-Bearbeitet-768x512.jpg 768w, http:\/\/wp.eaglered.de\/wp-content\/uploads\/2020\/03\/20200307-D67A7519-Bearbeitet-700x467.jpg 700w, http:\/\/wp.eaglered.de\/wp-content\/uploads\/2020\/03\/20200307-D67A7519-Bearbeitet-332x221.jpg 332w\" sizes=\"auto, (max-width: 1024px) 100vw, 1024px\" \/><\/figure><\/li><li class=\"blocks-gallery-item\"><figure><img loading=\"lazy\" decoding=\"async\" width=\"1024\" height=\"683\" src=\"http:\/\/wp.eaglered.de\/wp-content\/uploads\/2020\/03\/20200307-D67A7497-Bearbeitet-1024x683.jpg\" alt=\"\" data-id=\"877\" data-link=\"http:\/\/wp.eaglered.de\/?attachment_id=877\" class=\"wp-image-877\" srcset=\"http:\/\/wp.eaglered.de\/wp-content\/uploads\/2020\/03\/20200307-D67A7497-Bearbeitet-1024x683.jpg 1024w, http:\/\/wp.eaglered.de\/wp-content\/uploads\/2020\/03\/20200307-D67A7497-Bearbeitet-300x200.jpg 300w, http:\/\/wp.eaglered.de\/wp-content\/uploads\/2020\/03\/20200307-D67A7497-Bearbeitet-768x512.jpg 768w, http:\/\/wp.eaglered.de\/wp-content\/uploads\/2020\/03\/20200307-D67A7497-Bearbeitet-700x467.jpg 700w, http:\/\/wp.eaglered.de\/wp-content\/uploads\/2020\/03\/20200307-D67A7497-Bearbeitet-332x221.jpg 332w\" sizes=\"auto, (max-width: 1024px) 100vw, 1024px\" \/><\/figure><\/li><\/ul>\n\n\n<p><!--EndFragment--><\/p>\n\n\n<p><\/p>\n","protected":false},"excerpt":{"rendered":"<p>Der D-Wurf wurde am 20.08.2020 geboren. Inzwischen hat sich der kleine Mann zu einem properen Welpe entwickelt . Bin sehr froh und stolz auf meinen kleinen K\u00e4mpfer! Der Welpe ist vergeben! Der Vater meines D&#8211;Wurfes wird Golden Worker Discovery Colin. F\u00fcr ihn habe ich mich entschieden, weil er ein sehr &#8230;<\/p>\n","protected":false},"author":1,"featured_media":0,"parent":9,"menu_order":10,"comment_status":"closed","ping_status":"closed","template":"","meta":{"footnotes":""},"class_list":["post-852","page","type-page","status-publish","hentry","column","twocol"],"_links":{"self":[{"href":"http:\/\/wp.eaglered.de\/index.php?rest_route=\/wp\/v2\/pages\/852","targetHints":{"allow":["GET"]}}],"collection":[{"href":"http:\/\/wp.eaglered.de\/index.php?rest_route=\/wp\/v2\/pages"}],"about":[{"href":"http:\/\/wp.eaglered.de\/index.php?rest_route=\/wp\/v2\/types\/page"}],"author":[{"embeddable":true,"href":"http:\/\/wp.eaglered.de\/index.php?rest_route=\/wp\/v2\/users\/1"}],"replies":[{"embeddable":true,"href":"http:\/\/wp.eaglered.de\/index.php?rest_route=%2Fwp%2Fv2%2Fcomments&post=852"}],"version-history":[{"count":16,"href":"http:\/\/wp.eaglered.de\/index.php?rest_route=\/wp\/v2\/pages\/852\/revisions"}],"predecessor-version":[{"id":1098,"href":"http:\/\/wp.eaglered.de\/index.php?rest_route=\/wp\/v2\/pages\/852\/revisions\/1098"}],"up":[{"embeddable":true,"href":"http:\/\/wp.eaglered.de\/index.php?rest_route=\/wp\/v2\/pages\/9"}],"wp:attachment":[{"href":"http:\/\/wp.eaglered.de\/index.php?rest_route=%2Fwp%2Fv2%2Fmedia&parent=852"}],"curies":[{"name":"wp","href":"https:\/\/api.w.org\/{rel}","templated":true}]}}